{"id":9,"date":"2023-10-11T11:55:00","date_gmt":"2023-10-11T16:55:00","guid":{"rendered":"https:\/\/geely.asancristobal.com\/?page_id=9"},"modified":"2023-10-16T23:11:36","modified_gmt":"2023-10-17T04:11:36","slug":"cotiza","status":"publish","type":"page","link":"https:\/\/geely.asancristobal.com\/index.php\/cotiza\/","title":{"rendered":"Cotiza"},"content":{"rendered":"\t\t<div data-elementor-type=\"wp-post\" data-elementor-id=\"9\" class=\"elementor elementor-9\" data-elementor-post-type=\"page\">\n\t\t\t\t\t\t<section class=\"elementor-section elementor-top-section elementor-element elementor-element-5286ccd0 elementor-section-stretched elementor-section-boxed elementor-section-height-default elementor-section-height-default\" data-id=\"5286ccd0\" data-element_type=\"section\" data-settings=\"{&quot;stretch_section&quot;:&quot;section-stretched&quot;}\">\n\t\t\t\t\t\t<div class=\"elementor-container elementor-column-gap-default\">\n\t\t\t\t\t<div class=\"elementor-column elementor-col-100 elementor-top-column elementor-element elementor-element-14c0cf5e\" data-id=\"14c0cf5e\" data-element_type=\"column\">\n\t\t\t<div class=\"elementor-widget-wrap elementor-element-populated\">\n\t\t\t\t\t\t<div class=\"elementor-element elementor-element-407004a3 elementor-widget elementor-widget-heading\" data-id=\"407004a3\" data-element_type=\"widget\" data-widget_type=\"heading.default\">\n\t\t\t\t<div class=\"elementor-widget-container\">\n\t\t\t<h3 class=\"elementor-heading-title elementor-size-default\">Cotiza tu pr\u00f3ximo veh\u00edculo<\/h3>\t\t<\/div>\n\t\t\t\t<\/div>\n\t\t\t\t\t<\/div>\n\t\t<\/div>\n\t\t\t\t\t<\/div>\n\t\t<\/section>\n\t\t\t\t<section class=\"elementor-section elementor-top-section elementor-element elementor-element-8c785de elementor-section-stretched elementor-section-boxed elementor-section-height-default elementor-section-height-default\" data-id=\"8c785de\" data-element_type=\"section\" data-settings=\"{&quot;stretch_section&quot;:&quot;section-stretched&quot;}\">\n\t\t\t\t\t\t<div class=\"elementor-container elementor-column-gap-default\">\n\t\t\t\t\t<div class=\"elementor-column elementor-col-100 elementor-top-column elementor-element elementor-element-8c0ab80\" data-id=\"8c0ab80\" data-element_type=\"column\">\n\t\t\t<div class=\"elementor-widget-wrap elementor-element-populated\">\n\t\t\t\t\t\t<div class=\"elementor-element elementor-element-75aa3592 elementor-widget elementor-widget-text-editor\" data-id=\"75aa3592\" data-element_type=\"widget\" data-widget_type=\"text-editor.default\">\n\t\t\t\t<div class=\"elementor-widget-container\">\n\t\t\t\t\t\t\t<p>Solicite cotizaci\u00f3n y separe una cita para que uno de nuestros Asesores de Ventas le conteste de inmediato y mostrarle el veh\u00edculo de su inter\u00e9s.<\/p>\t\t\t\t\t\t<\/div>\n\t\t\t\t<\/div>\n\t\t\t\t<div class=\"elementor-element elementor-element-46ef1f05 elementor-widget elementor-widget-shortcode\" data-id=\"46ef1f05\" data-element_type=\"widget\" data-widget_type=\"shortcode.default\">\n\t\t\t\t<div class=\"elementor-widget-container\">\n\t\t\t\t\t<div class=\"elementor-shortcode\">\n<div class=\"wpcf7 no-js\" id=\"wpcf7-f177-o1\" lang=\"es-ES\" dir=\"ltr\" data-wpcf7-id=\"177\">\n<div class=\"screen-reader-response\"><p role=\"status\" aria-live=\"polite\" aria-atomic=\"true\"><\/p> <ul><\/ul><\/div>\n<form action=\"\/index.php\/wp-json\/wp\/v2\/pages\/9#wpcf7-f177-o1\" method=\"post\" class=\"wpcf7-form init\" aria-label=\"Formulario de contacto\" novalidate=\"novalidate\" data-status=\"init\">\n<div style=\"display: none;\">\n<input type=\"hidden\" name=\"_wpcf7\" value=\"177\" \/>\n<input type=\"hidden\" name=\"_wpcf7_version\" value=\"6.0\" \/>\n<input type=\"hidden\" name=\"_wpcf7_locale\" value=\"es_ES\" \/>\n<input type=\"hidden\" name=\"_wpcf7_unit_tag\" value=\"wpcf7-f177-o1\" \/>\n<input type=\"hidden\" name=\"_wpcf7_container_post\" value=\"0\" \/>\n<input type=\"hidden\" name=\"_wpcf7_posted_data_hash\" value=\"\" \/>\n<input type=\"hidden\" name=\"_wpcf7cf_hidden_group_fields\" value=\"[]\" \/>\n<input type=\"hidden\" name=\"_wpcf7cf_hidden_groups\" value=\"[]\" \/>\n<input type=\"hidden\" name=\"_wpcf7cf_visible_groups\" value=\"[]\" \/>\n<input type=\"hidden\" name=\"_wpcf7cf_repeaters\" value=\"[]\" \/>\n<input type=\"hidden\" name=\"_wpcf7cf_steps\" value=\"{}\" \/>\n<input type=\"hidden\" name=\"_wpcf7cf_options\" value=\"{&quot;form_id&quot;:177,&quot;conditions&quot;:[{&quot;then_field&quot;:&quot;credito&quot;,&quot;and_rules&quot;:[{&quot;if_field&quot;:&quot;SelectFormaPago&quot;,&quot;operator&quot;:&quot;equals&quot;,&quot;if_value&quot;:&quot;Cr\\u00e9dito&quot;}]},{&quot;then_field&quot;:&quot;-1&quot;,&quot;and_rules&quot;:[{&quot;if_field&quot;:&quot;-1&quot;,&quot;operator&quot;:&quot;equals&quot;,&quot;if_value&quot;:&quot;Mahindra&quot;}]},{&quot;then_field&quot;:&quot;-1&quot;,&quot;and_rules&quot;:[{&quot;if_field&quot;:&quot;-1&quot;,&quot;operator&quot;:&quot;equals&quot;,&quot;if_value&quot;:&quot;JMC&quot;}]},{&quot;then_field&quot;:&quot;-1&quot;,&quot;and_rules&quot;:[{&quot;if_field&quot;:&quot;-1&quot;,&quot;operator&quot;:&quot;equals&quot;,&quot;if_value&quot;:&quot;Jinbei&quot;}]},{&quot;then_field&quot;:&quot;-1&quot;,&quot;and_rules&quot;:[{&quot;if_field&quot;:&quot;-1&quot;,&quot;operator&quot;:&quot;equals&quot;,&quot;if_value&quot;:&quot;Geely&quot;}]},{&quot;then_field&quot;:&quot;-1&quot;,&quot;and_rules&quot;:[{&quot;if_field&quot;:&quot;-1&quot;,&quot;operator&quot;:&quot;equals&quot;,&quot;if_value&quot;:&quot;Brilliance&quot;}]},{&quot;then_field&quot;:&quot;-1&quot;,&quot;and_rules&quot;:[{&quot;if_field&quot;:&quot;-1&quot;,&quot;operator&quot;:&quot;equals&quot;,&quot;if_value&quot;:&quot;Baic&quot;}]}],&quot;settings&quot;:{&quot;animation&quot;:&quot;yes&quot;,&quot;animation_intime&quot;:200,&quot;animation_outtime&quot;:200,&quot;conditions_ui&quot;:&quot;normal&quot;,&quot;notice_dismissed&quot;:false}}\" \/>\n<\/div>\n<div class=\"formulario\">\n\t<div class=\"columna2\">\n\t\t<p><label class=\"negrita\"> Nombres y Apellidos (*)<br \/>\n<span class=\"wpcf7-form-control-wrap\" data-name=\"NomApe\"><input size=\"40\" maxlength=\"400\" class=\"wpcf7-form-control wpcf7-text wpcf7-validates-as-required\" aria-required=\"true\" aria-invalid=\"false\" value=\"\" type=\"text\" name=\"NomApe\" \/><\/span> <\/label>\n\t\t<\/p>\n\t<\/div>\n\t<div class=\"columna2\">\n\t\t<p><label class=\"negrita\"> DNI (*)<br \/>\n<span class=\"wpcf7-form-control-wrap\" data-name=\"Dni\"><input class=\"wpcf7-form-control wpcf7-number wpcf7-validates-as-required wpcf7-validates-as-number\" aria-required=\"true\" aria-invalid=\"false\" value=\"\" type=\"number\" name=\"Dni\" \/><\/span> <\/label>\n\t\t<\/p>\n\t<\/div>\n\t<div class=\"columna2\">\n\t\t<p><label class=\"negrita\"> Tel\u00e9fonos (*)<br \/>\n<span class=\"wpcf7-form-control-wrap\" data-name=\"telf\"><input size=\"40\" maxlength=\"400\" class=\"wpcf7-form-control wpcf7-text wpcf7-validates-as-required\" aria-required=\"true\" aria-invalid=\"false\" value=\"\" type=\"text\" name=\"telf\" \/><\/span> <\/label>\n\t\t<\/p>\n\t<\/div>\n\t<div class=\"columna2\">\n\t\t<p><label class=\"negrita\"> Correo electr\u00f3nico (*)<br \/>\n<span class=\"wpcf7-form-control-wrap\" data-name=\"Correo\"><input size=\"40\" maxlength=\"400\" class=\"wpcf7-form-control wpcf7-email wpcf7-validates-as-required wpcf7-text wpcf7-validates-as-email\" aria-required=\"true\" aria-invalid=\"false\" value=\"\" type=\"email\" name=\"Correo\" \/><\/span> <\/label>\n\t\t<\/p>\n\t<\/div>\n\t<div class=\"columna2\">\n\t\t<p><label class=\"negrita\"> Tipo de veh\u00edculo (*)<br \/>\n<span class=\"wpcf7-form-control-wrap\" data-name=\"tipo-vehiculo\"><select class=\"wpcf7-form-control wpcf7-select wpcf7-validates-as-required\" aria-required=\"true\" aria-invalid=\"false\" name=\"tipo-vehiculo\"><option value=\"GX3\">GX3<\/option><option value=\"COOLRAY\">COOLRAY<\/option><option value=\"OKAVANGO\">OKAVANGO<\/option><option value=\"AZKARRA\">AZKARRA<\/option><option value=\"TUGELLA\">TUGELLA<\/option><\/select><\/span><\/label>\n\t\t<\/p>\n\t<\/div>\n\t<div class=\"columna2\">\n\t\t<p><label class=\"negrita\"> Forma de pago (*)<br \/>\n<span class=\"wpcf7-form-control-wrap\" data-name=\"SelectFormaPago\"><select class=\"wpcf7-form-control wpcf7-select wpcf7-validates-as-required\" aria-required=\"true\" aria-invalid=\"false\" name=\"SelectFormaPago\"><option value=\"Contado\">Contado<\/option><option value=\"Cr\u00e9dito\">Cr\u00e9dito<\/option><\/select><\/span><\/label>\n\t\t<\/p>\n\t\t<div data-id=\"credito\" data-orig_data_id=\"credito\"  data-class=\"wpcf7cf_group\">\n\t\t\t<div>\n\t\t\t\t<p><label class=\"negrita\"> Monto m\u00e1ximo de cuota mensual: (*)<br \/>\n<span class=\"wpcf7-form-control-wrap\" data-name=\"MontoMaxCuotaMensual\"><select class=\"wpcf7-form-control wpcf7-select wpcf7-validates-as-required\" aria-required=\"true\" aria-invalid=\"false\" name=\"MontoMaxCuotaMensual\"><option value=\"\">&#8212;Por favor, elige una opci\u00f3n&#8212;<\/option><option value=\"Menos de US$300\">Menos de US$300<\/option><option value=\"US$300 a US$500\">US$300 a US$500<\/option><option value=\"US$500 a US$700\">US$500 a US$700<\/option><option value=\"M\u00e1s de US$700\">M\u00e1s de US$700<\/option><\/select><\/span><\/label>\n\t\t\t\t<\/p>\n\t\t\t<\/div>\n\t\t<\/div>\n\t<\/div>\n\t<div class=\"columna2\">\n\t\t<p><label class=\"negrita\"> Usted desea una: (*)<br \/>\n<span class=\"wpcf7-form-control-wrap\" data-name=\"queDesea\"><select class=\"wpcf7-form-control wpcf7-select wpcf7-validates-as-required\" aria-required=\"true\" aria-invalid=\"false\" name=\"queDesea\"><option value=\"Consulta\">Consulta<\/option><option value=\"Cotizaci\u00f3n\">Cotizaci\u00f3n<\/option><option value=\"Test drive\">Test drive<\/option><option value=\"Pre - Reservar\">Pre - Reservar<\/option><option value=\"Cita en la tienda\">Cita en la tienda<\/option><\/select><\/span><\/label>\n\t\t<\/p>\n\t<\/div>\n\t<div class=\"columna2\">\n\t\t<p><label class=\"negrita\"> Rango de ingresos: (*)<br \/>\n<span class=\"wpcf7-form-control-wrap\" data-name=\"rangoIgreso\"><select class=\"wpcf7-form-control wpcf7-select wpcf7-validates-as-required\" aria-required=\"true\" aria-invalid=\"false\" name=\"rangoIgreso\"><option value=\"S\/ 2500.00 a S\/ 3000.00\">S\/ 2500.00 a S\/ 3000.00<\/option><option value=\"S\/ 3001.00 a S\/ 4000.00\">S\/ 3001.00 a S\/ 4000.00<\/option><option value=\"S\/ 4001.00 a mas\">S\/ 4001.00 a mas<\/option><\/select><\/span><\/label>\n\t\t<\/p>\n\t<\/div>\n\t<div class=\"columna2\">\n\t\t<p><label class=\"negrita\"> Trabaja Actualmente Como: (*)<br \/>\n<span class=\"wpcf7-form-control-wrap\" data-name=\"trabaja\"><span class=\"wpcf7-form-control wpcf7-radio\"><span class=\"wpcf7-list-item first\"><label><input type=\"radio\" name=\"trabaja\" value=\"Dependiente\" checked=\"checked\" \/><span class=\"wpcf7-list-item-label\">Dependiente<\/span><\/label><\/span><span class=\"wpcf7-list-item last\"><label><input type=\"radio\" name=\"trabaja\" value=\"Independiente\" \/><span class=\"wpcf7-list-item-label\">Independiente<\/span><\/label><\/span><\/span><\/span><\/label>\n\t\t<\/p>\n\t<\/div>\n\t<div class=\"columna2\">\n\t\t<p><label class=\"negrita\"> La Decisi\u00f3n de Compra la tomar\u00e1 en los pr\u00f3ximos: (*)<br \/>\n<span class=\"wpcf7-form-control-wrap\" data-name=\"decision\"><span class=\"wpcf7-form-control wpcf7-radio\"><span class=\"wpcf7-list-item first\"><label><input type=\"radio\" name=\"decision\" value=\"Hoy\" checked=\"checked\" \/><span class=\"wpcf7-list-item-label\">Hoy<\/span><\/label><\/span><span class=\"wpcf7-list-item\"><label><input type=\"radio\" name=\"decision\" value=\"1 mes\" \/><span class=\"wpcf7-list-item-label\">1 mes<\/span><\/label><\/span><span class=\"wpcf7-list-item last\"><label><input type=\"radio\" name=\"decision\" value=\"3 meses\" \/><span class=\"wpcf7-list-item-label\">3 meses<\/span><\/label><\/span><\/span><\/span><\/label>\n\t\t<\/p>\n\t<\/div>\n\t<div class=\"columna2\">\n\t\t<p><label class=\"negrita\"> Ciudad: (*)<br \/>\n<span class=\"wpcf7-form-control-wrap\" data-name=\"ciudad\"><input size=\"40\" maxlength=\"400\" class=\"wpcf7-form-control wpcf7-text wpcf7-validates-as-required\" aria-required=\"true\" aria-invalid=\"false\" value=\"\" type=\"text\" name=\"ciudad\" \/><\/span><\/label>\n\t\t<\/p>\n\t<\/div>\n\t<div class=\"columna1\">\n\t\t<p><label class=\"negrita\"> Comentarios adicionales:<br \/>\n<span class=\"wpcf7-form-control-wrap\" data-name=\"mensaje\"><textarea cols=\"40\" rows=\"10\" maxlength=\"2000\" class=\"wpcf7-form-control wpcf7-textarea\" aria-invalid=\"false\" name=\"mensaje\"><\/textarea><\/span> <\/label>\n\t\t<\/p>\n\t\t<p><input class=\"wpcf7-form-control wpcf7-submit has-spinner\" type=\"submit\" value=\"Enviar\" \/>\n\t\t<\/p>\n\t<\/div>\n<\/div>\n\n\n\n<div class=\"wpcf7-response-output\" aria-hidden=\"true\"><\/div>\n<\/form>\n<\/div>\n<\/div>\n\t\t\t\t<\/div>\n\t\t\t\t<\/div>\n\t\t\t\t<div class=\"elementor-element elementor-element-2e8d3aae elementor-widget elementor-widget-text-editor\" data-id=\"2e8d3aae\" data-element_type=\"widget\" data-widget_type=\"text-editor.default\">\n\t\t\t\t<div class=\"elementor-widget-container\">\n\t\t\t\t\t\t\t<p>La aceptaci\u00f3n de los presentes t\u00e9rminos y condiciones, constituye el consentimiento previo, informado, expreso e inequ\u00edvoco, para la recepci\u00f3n de promociones de productos y servicios a trav\u00e9s de servicios de telemercadeo, centros de llamada (call centers), sistemas de llamado telef\u00f3nico, env\u00edo de mensajes de texto a celular o de mensajes electr\u00f3nicos masivos. Declaro adem\u00e1s que este consentimiento puede ser revocado, en cualquier momento y conforme a la normativa que rige la protecci\u00f3n de datos personales.<\/p>\t\t\t\t\t\t<\/div>\n\t\t\t\t<\/div>\n\t\t\t\t\t<\/div>\n\t\t<\/div>\n\t\t\t\t\t<\/div>\n\t\t<\/section>\n\t\t\t\t<\/div>\n\t\t","protected":false},"excerpt":{"rendered":"<p>Cotiza tu pr\u00f3ximo veh\u00edculo Solicite cotizaci\u00f3n y separe una cita para que uno de nuestros Asesores de Ventas le conteste de inmediato y mostrarle el veh\u00edculo de su inter\u00e9s. La aceptaci\u00f3n de los presentes t\u00e9rminos y condiciones, constituye el consentimiento previo, informado, expreso e inequ\u00edvoco, para la recepci\u00f3n de promociones de productos y servicios a [&hellip;]<\/p>\n","protected":false},"author":1,"featured_media":0,"parent":0,"menu_order":0,"comment_status":"closed","ping_status":"closed","template":"","meta":{"footnotes":""},"class_list":["post-9","page","type-page","status-publish","hentry"],"_links":{"self":[{"href":"https:\/\/geely.asancristobal.com\/index.php\/wp-json\/wp\/v2\/pages\/9","targetHints":{"allow":["GET"]}}],"collection":[{"href":"https:\/\/geely.asancristobal.com\/index.php\/wp-json\/wp\/v2\/pages"}],"about":[{"href":"https:\/\/geely.asancristobal.com\/index.php\/wp-json\/wp\/v2\/types\/page"}],"author":[{"embeddable":true,"href":"https:\/\/geely.asancristobal.com\/index.php\/wp-json\/wp\/v2\/users\/1"}],"replies":[{"embeddable":true,"href":"https:\/\/geely.asancristobal.com\/index.php\/wp-json\/wp\/v2\/comments?post=9"}],"version-history":[{"count":8,"href":"https:\/\/geely.asancristobal.com\/index.php\/wp-json\/wp\/v2\/pages\/9\/revisions"}],"predecessor-version":[{"id":561,"href":"https:\/\/geely.asancristobal.com\/index.php\/wp-json\/wp\/v2\/pages\/9\/revisions\/561"}],"wp:attachment":[{"href":"https:\/\/geely.asancristobal.com\/index.php\/wp-json\/wp\/v2\/media?parent=9"}],"curies":[{"name":"wp","href":"https:\/\/api.w.org\/{rel}","templated":true}]}}